{"id":403,"date":"2015-02-12T14:09:53","date_gmt":"2015-02-12T13:09:53","guid":{"rendered":"http:\/\/www.orientainsieme.it\/?page_id=403"},"modified":"2025-10-13T18:59:33","modified_gmt":"2025-10-13T16:59:33","slug":"accordo-di-rete","status":"publish","type":"page","link":"https:\/\/www.orientainsieme.it\/?page_id=403","title":{"rendered":"Rete e accordi"},"content":{"rendered":"<p>\u00a0<\/p>\n<p><a href=\"https:\/\/www.orientainsieme.it\/wp-content\/uploads\/2014\/10\/23-2147491744.jpg\"><img loading=\"lazy\" decoding=\"async\" class=\"alignnone size-full wp-image-167\" src=\"https:\/\/www.orientainsieme.it\/wp-content\/uploads\/2014\/10\/23-2147491744.jpg\" alt=\"23-2147491744\" width=\"150\" height=\"150\" srcset=\"https:\/\/www.orientainsieme.it\/wp-content\/uploads\/2014\/10\/23-2147491744.jpg 150w, https:\/\/www.orientainsieme.it\/wp-content\/uploads\/2014\/10\/23-2147491744-100x100.jpg 100w\" sizes=\"auto, (max-width: 150px) 100vw, 150px\" \/><\/a><\/p>\n<p><strong><span style=\"font-size: 14pt;\">La Rete<\/span><\/strong><\/p>\n<p>Orienta\u2013Insieme \u00e8 una rete di scuole creata per coordinare ed ampliare le iniziative di orientamento da destinare a studentesse e studenti delle scuole secondarie di I grado (medie) e superiori oltre che per sperimentare attivit\u00e0 mirate a sostenere sia i giovani dei normali percorsi scolastico-formativi sia i giovani che intendono passare da un indirizzo di studi ad un altro.<br \/>La rete si \u00e8 costituita nel 2002 con 12 partner e ha assunto la denominazione \u201cOrienta-Insieme\u201d per indicare la volont\u00e0 delle scuole aderenti di lavorare e riflettere, affiancate le une alle altre, in una logica in cui l\u2019esperienza di una parte diventa patrimonio comune e le decisioni assunte a livello di rete siano somma e mediazione delle aspirazioni di tutti gli Istituti Partner. Le scuole che\u00a0 fanno parte della rete ora sono 48. Per conoscere le scuole clicca <a href=\"https:\/\/www.orientainsieme.it\/?page_id=2\">Partner<\/a><\/p>\n<p><span style=\"color: #ffffff;\">I<\/span><\/p>\n<p><strong><span style=\"font-size: 14pt;\">Accordo di rete <em>Orienta-Insieme<\/em><br \/><\/span><\/strong><\/p>\n<p>Il partenariato \u00e8 una forma di collaborazione di pi\u00f9 soggetti che condividono finalit\u00e0 e obiettivi di una operazione, sia partecipando attivamente alle diverse fasi attuative dell&#8217;operazione stessa, sia essendone promotori sulla base di uno specifico fabbisogno\/interesse di cui sono portatori.<\/p>\n<p>La rete Orienta-Insieme si basa su un accordo che consente alle scuole di mettere in comune attivit\u00e0 e risorse, allo scopo di migliorare il funzionamento di quelle attivit\u00e0, il tutto nell\u2019ottica di rafforzare l\u2019incidenza e l\u2019efficacia delle iniziative di orientamento promosse dalle istituzioni scolastiche.<br \/>L&#8217;accordo \u00e8 rinnovato di anno in anno, discusso ed approvato dalla Asseblea dei Dirigenti degli istituti partner.<\/p>\n<p><a href=\"https:\/\/www.orientainsieme.it\/wp-content\/uploads\/2025\/10\/Accordo-di-rete-Orienta_Insieme25_28.pdf\">Accordo di rete Orienta_Insieme25_28<\/a><\/p>\n<p><span style=\"color: #ffffff;\">I<\/span><\/p>\n<p><span style=\"font-size: 14pt;\"><strong>A<\/strong><\/span><span style=\"font-size: 14pt;\"><strong>ccordo di rete <em>Passaggi<\/em><\/strong><\/span><\/p>\n<p>Le scuole della rete da diversi anni sperimentano percorsi di ri-orientamento per gli alunni in difficolt\u00e0 o comunque disorientati,\u00a0 anche per il corrente anno scolastico \u00e8 stato siglato l\u2019accordo sui passaggi e relative procedure di accompagnamento. In tale scenario sono state confermate procedure precedentemente condivise e i parametri da seguire nella organizzazione degli stage orientativi di durata non inferiore ad una settimana.<\/p>\n<p><a href=\"https:\/\/www.orientainsieme.it\/wp-content\/uploads\/2025\/10\/4.-Accordo-di-rete-Passaggi-2024_2025-approvato.pdf\">4. Accordo di rete Passaggi 2024_2025 approvato<\/a>\u00a0<em>In attesa di modifica in seguito\u00a0 al decreto-legge 9 settembre 2025, n. 127<\/em>\u00a0 \u00a0Per la documentazione vedi\u00a0 Schede e Materiali<\/p>\n\n","protected":false},"excerpt":{"rendered":"<p>\u00a0 La Rete Orienta\u2013Insieme \u00e8 una rete di scuole creata per coordinare ed ampliare le iniziative di orientamento da destinare a studentesse e studenti delle scuole secondarie di I grado (medie) e superiori oltre che per sperimentare attivit\u00e0 mirate a sostenere sia i giovani dei normali percorsi scolastico-formativi sia i giovani che intendono passare da [&hellip;]<\/p>\n","protected":false},"author":1,"featured_media":0,"parent":0,"menu_order":0,"comment_status":"closed","ping_status":"closed","template":"","meta":{"footnotes":""},"class_list":["post-403","page","type-page","status-publish","hentry"],"_links":{"self":[{"href":"https:\/\/www.orientainsieme.it\/index.php?rest_route=\/wp\/v2\/pages\/403","targetHints":{"allow":["GET"]}}],"collection":[{"href":"https:\/\/www.orientainsieme.it\/index.php?rest_route=\/wp\/v2\/pages"}],"about":[{"href":"https:\/\/www.orientainsieme.it\/index.php?rest_route=\/wp\/v2\/types\/page"}],"author":[{"embeddable":true,"href":"https:\/\/www.orientainsieme.it\/index.php?rest_route=\/wp\/v2\/users\/1"}],"replies":[{"embeddable":true,"href":"https:\/\/www.orientainsieme.it\/index.php?rest_route=%2Fwp%2Fv2%2Fcomments&post=403"}],"version-history":[{"count":26,"href":"https:\/\/www.orientainsieme.it\/index.php?rest_route=\/wp\/v2\/pages\/403\/revisions"}],"predecessor-version":[{"id":6980,"href":"https:\/\/www.orientainsieme.it\/index.php?rest_route=\/wp\/v2\/pages\/403\/revisions\/6980"}],"wp:attachment":[{"href":"https:\/\/www.orientainsieme.it\/index.php?rest_route=%2Fwp%2Fv2%2Fmedia&parent=403"}],"curies":[{"name":"wp","href":"https:\/\/api.w.org\/{rel}","templated":true}]}}